{"id":567,"date":"2024-03-27T15:55:14","date_gmt":"2024-03-27T18:55:14","guid":{"rendered":"https:\/\/treinosimples.net\/?page_id=567"},"modified":"2024-11-05T15:19:50","modified_gmt":"2024-11-05T18:19:50","slug":"home","status":"publish","type":"page","link":"https:\/\/treinosimples.net\/","title":{"rendered":"Home"},"content":{"rendered":"\t\t<div data-elementor-type=\"wp-page\" data-elementor-id=\"567\" class=\"elementor elementor-567\" data-elementor-post-type=\"page\">\n\t\t\t\t<div class=\"elementor-element elementor-element-42f2b69 e-con-full e-flex e-con e-parent\" data-id=\"42f2b69\" data-element_type=\"container\" data-e-type=\"container\" data-settings=\"{&quot;background_background&quot;:&quot;classic&quot;}\">\n\t\t\t\t<\/div>\n\t\t<div class=\"elementor-element elementor-element-31ce366 e-con-full e-flex e-con e-parent\" data-id=\"31ce366\" data-element_type=\"container\" data-e-type=\"container\" data-settings=\"{&quot;background_background&quot;:&quot;gradient&quot;}\">\n\t\t<div class=\"elementor-element elementor-element-b36a93e e-con-full e-flex e-con e-child\" data-id=\"b36a93e\" data-element_type=\"container\" data-e-type=\"container\">\n\t\t\t\t<div class=\"elementor-element elementor-element-015569f elementor-widget__width-initial elementor-widget elementor-widget-heading\" data-id=\"015569f\" data-element_type=\"widget\" data-e-type=\"widget\" data-widget_type=\"heading.default\">\n\t\t\t\t<div class=\"elementor-widget-container\">\n\t\t\t\t\t<h2 class=\"elementor-heading-title elementor-size-default\"><span style=\"background: #;color:#ffff;padding-left: 5px;padding-right: 5px\"> Transforme-se na sua melhor vers\u00e3o! <span style=\"background: #;color:#FFFF00;padding-left: 5px;padding-right: 5px\">Conhe\u00e7a nossos infoprodutos<span style=\"background: #;color:#ffff;padding-left: 5px;padding-right: 5px\"> meticulosamente selecionados nas \u00e1reas de <span style=\"background: #;color:#FFFF00;padding-left: 5px;padding-right: 5px\">treinamento, dieta e sa\u00fade. \n<\/span><\/span><\/span><\/h2>\t\t\t\t<\/div>\n\t\t\t\t<\/div>\n\t\t\t\t<\/div>\n\t\t<div class=\"elementor-element elementor-element-fe5cc6f e-con-full e-flex e-con e-child\" data-id=\"fe5cc6f\" data-element_type=\"container\" data-e-type=\"container\">\n\t\t\t\t<div class=\"elementor-element elementor-element-cfbefcb elementor-widget elementor-widget-image\" data-id=\"cfbefcb\" data-element_type=\"widget\" data-e-type=\"widget\" data-widget_type=\"image.default\">\n\t\t\t\t<div class=\"elementor-widget-container\">\n\t\t\t\t\t\t\t\t\t\t\t\t\t\t\t<img fetchpriority=\"high\" decoding=\"async\" width=\"300\" height=\"300\" src=\"https:\/\/treinosimples.net\/wp-content\/uploads\/2024\/03\/FOTO-ROSTOCORTADA-PHOTOPAE-300x300.png\" class=\"attachment-medium size-medium wp-image-656\" alt=\"\" srcset=\"https:\/\/treinosimples.net\/wp-content\/uploads\/2024\/03\/FOTO-ROSTOCORTADA-PHOTOPAE-300x300.png 300w, https:\/\/treinosimples.net\/wp-content\/uploads\/2024\/03\/FOTO-ROSTOCORTADA-PHOTOPAE-150x150.png 150w, https:\/\/treinosimples.net\/wp-content\/uploads\/2024\/03\/FOTO-ROSTOCORTADA-PHOTOPAE-768x770.png 768w, https:\/\/treinosimples.net\/wp-content\/uploads\/2024\/03\/FOTO-ROSTOCORTADA-PHOTOPAE.png 946w\" sizes=\"(max-width: 300px) 100vw, 300px\" \/>\t\t\t\t\t\t\t\t\t\t\t\t\t\t\t<\/div>\n\t\t\t\t<\/div>\n\t\t\t\t<\/div>\n\t\t<div class=\"elementor-element elementor-element-ec60d07 e-con-full e-flex e-con e-child\" data-id=\"ec60d07\" data-element_type=\"container\" data-e-type=\"container\" data-settings=\"{&quot;background_background&quot;:&quot;classic&quot;}\">\n\t\t\t\t<div class=\"elementor-element elementor-element-b3e8348 elementor-widget elementor-widget-heading\" data-id=\"b3e8348\" data-element_type=\"widget\" data-e-type=\"widget\" data-widget_type=\"heading.default\">\n\t\t\t\t<div class=\"elementor-widget-container\">\n\t\t\t\t\t<h2 class=\"elementor-heading-title elementor-size-default\">Rogerio B. Paes<\/h2>\t\t\t\t<\/div>\n\t\t\t\t<\/div>\n\t\t\t\t<div class=\"elementor-element elementor-element-61ca8b0 elementor-widget__width-initial elementor-widget elementor-widget-heading\" data-id=\"61ca8b0\" data-element_type=\"widget\" data-e-type=\"widget\" data-widget_type=\"heading.default\">\n\t\t\t\t<div class=\"elementor-widget-container\">\n\t\t\t\t\t<h2 class=\"elementor-heading-title elementor-size-default\">\" Com quase tr\u00eas d\u00e9cadas de experi\u00eancia em treinamento f\u00edsico, meu compromisso \u00e9 selecionar e oferecer aos meus clientes os melhores infoprodutos nas \u00e1reas de treinamento, alimenta\u00e7\u00e3o e sa\u00fade.\"<\/h2>\t\t\t\t<\/div>\n\t\t\t\t<\/div>\n\t\t\t\t<\/div>\n\t\t\t\t<\/div>\n\t\t<div class=\"elementor-element elementor-element-c1212b5 e-con-full e-flex e-con e-parent\" data-id=\"c1212b5\" data-element_type=\"container\" data-e-type=\"container\" data-settings=\"{&quot;background_background&quot;:&quot;classic&quot;}\">\n\t\t\t\t<div class=\"elementor-element elementor-element-60288b0 elementor-widget__width-initial elementor-widget elementor-widget-heading\" data-id=\"60288b0\" data-element_type=\"widget\" data-e-type=\"widget\" data-widget_type=\"heading.default\">\n\t\t\t\t<div class=\"elementor-widget-container\">\n\t\t\t\t\t<h2 class=\"elementor-heading-title elementor-size-default\"> Muscula\u00e7\u00e3o \u00e9 Simples<\/h2>\t\t\t\t<\/div>\n\t\t\t\t<\/div>\n\t\t\t\t<\/div>\n\t\t<div class=\"elementor-element elementor-element-c84bb1f e-con-full e-flex e-con e-parent\" data-id=\"c84bb1f\" data-element_type=\"container\" data-e-type=\"container\" data-settings=\"{&quot;background_background&quot;:&quot;classic&quot;}\">\n\t\t\t\t<div class=\"elementor-element elementor-element-52f414b elementor-widget__width-initial elementor-widget elementor-widget-heading\" data-id=\"52f414b\" data-element_type=\"widget\" data-e-type=\"widget\" data-widget_type=\"heading.default\">\n\t\t\t\t<div class=\"elementor-widget-container\">\n\t\t\t\t\t<h2 class=\"elementor-heading-title elementor-size-default\">Guia completo para alcan\u00e7ar seus objetivos de maneira segura e eficiente.<\/h2>\t\t\t\t<\/div>\n\t\t\t\t<\/div>\n\t\t\t\t<\/div>\n\t\t<div class=\"elementor-element elementor-element-c843c9d e-con-full e-flex e-con e-parent\" data-id=\"c843c9d\" data-element_type=\"container\" data-e-type=\"container\" data-settings=\"{&quot;background_background&quot;:&quot;classic&quot;}\">\n\t\t<div class=\"elementor-element elementor-element-f789c95 e-con-full e-flex e-con e-child\" data-id=\"f789c95\" data-element_type=\"container\" data-e-type=\"container\">\n\t\t\t\t<div class=\"elementor-element elementor-element-6b3cabe elementor-widget__width-initial elementor-widget elementor-widget-text-editor\" data-id=\"6b3cabe\" data-element_type=\"widget\" data-e-type=\"widget\" data-widget_type=\"text-editor.default\">\n\t\t\t\t<div class=\"elementor-widget-container\">\n\t\t\t\t\t\t\t\t\t<p>Descubra o m\u00e9todo completo de treinamento com o eBook Muscula\u00e7\u00e3o \u00e9 Simples. Com foco nos grandes grupamentos musculares Peitoral, Costas e Pernas, este eBook de 128 paginas oferece uma abordagem completa para o desenvolvimento muscular e aprimoramento f\u00edsico. Al\u00e9m disso, o m\u00e9todo \u00e9 eficiente e reduz o tempo necess\u00e1rio para cada sess\u00e3o de treino, permitindo que os usu\u00e1rios maximizem seus resultados mesmo com agendas ocupadas. Respaldado pelos melhores treinadores do mundo, o m\u00e9todo proposto \u00e9 comprovadamente eficaz, oferecendo aos usu\u00e1rios a confian\u00e7a de que est\u00e3o seguindo um programa de treinamento que realmente traz resultados. Al\u00e9m de melhorar a composi\u00e7\u00e3o corporal e a for\u00e7a muscular, o eBook explora como a muscula\u00e7\u00e3o auxilia na perda de peso e no aumento do libido, fornecendo uma lista abrangente com mais de 100 benef\u00edcios da muscula\u00e7\u00e3o. As fichas de treino oferecem uma abordagem pr\u00e1tica e organizada para os usu\u00e1rios seguirem o m\u00e9todo proposto.<\/p>\t\t\t\t\t\t\t\t<\/div>\n\t\t\t\t<\/div>\n\t\t\t\t<\/div>\n\t\t<div class=\"elementor-element elementor-element-d06877b e-con-full e-flex e-con e-child\" data-id=\"d06877b\" data-element_type=\"container\" data-e-type=\"container\">\n\t\t\t\t<div class=\"elementor-element elementor-element-3f78e53 elementor-widget__width-initial elementor-widget-mobile__width-initial elementor-widget-tablet__width-initial elementor-widget elementor-widget-image\" data-id=\"3f78e53\" data-element_type=\"widget\" data-e-type=\"widget\" data-widget_type=\"image.default\">\n\t\t\t\t<div class=\"elementor-widget-container\">\n\t\t\t\t\t\t\t\t\t\t\t\t\t\t\t<img decoding=\"async\" width=\"800\" height=\"616\" src=\"https:\/\/treinosimples.net\/wp-content\/uploads\/2024\/04\/3-capa-fundo-branco-jpg-cortada--1024x788.png\" class=\"attachment-large size-large wp-image-901\" alt=\"\" srcset=\"https:\/\/treinosimples.net\/wp-content\/uploads\/2024\/04\/3-capa-fundo-branco-jpg-cortada--1024x788.png 1024w, https:\/\/treinosimples.net\/wp-content\/uploads\/2024\/04\/3-capa-fundo-branco-jpg-cortada--300x231.png 300w, https:\/\/treinosimples.net\/wp-content\/uploads\/2024\/04\/3-capa-fundo-branco-jpg-cortada--768x591.png 768w, https:\/\/treinosimples.net\/wp-content\/uploads\/2024\/04\/3-capa-fundo-branco-jpg-cortada--1536x1182.png 1536w, https:\/\/treinosimples.net\/wp-content\/uploads\/2024\/04\/3-capa-fundo-branco-jpg-cortada-.png 1903w\" sizes=\"(max-width: 800px) 100vw, 800px\" \/>\t\t\t\t\t\t\t\t\t\t\t\t\t\t\t<\/div>\n\t\t\t\t<\/div>\n\t\t\t\t<div class=\"elementor-element elementor-element-43d5a00 elementor-align-justify elementor-widget-mobile__width-initial elementor-widget elementor-widget-button\" data-id=\"43d5a00\" data-element_type=\"widget\" data-e-type=\"widget\" data-widget_type=\"button.default\">\n\t\t\t\t<div class=\"elementor-widget-container\">\n\t\t\t\t\t\t\t\t\t<div class=\"elementor-button-wrapper\">\n\t\t\t\t\t<a class=\"elementor-button elementor-button-link elementor-size-sm\" href=\"https:\/\/treinosimples.net\/index.php\/musculacao-e-simples\/\" target=\"_blank\">\n\t\t\t\t\t\t<span class=\"elementor-button-content-wrapper\">\n\t\t\t\t\t\t\t\t\t<span class=\"elementor-button-text\">Comprar Agora!<\/span>\n\t\t\t\t\t<\/span>\n\t\t\t\t\t<\/a>\n\t\t\t\t<\/div>\n\t\t\t\t\t\t\t\t<\/div>\n\t\t\t\t<\/div>\n\t\t\t\t<\/div>\n\t\t\t\t<\/div>\n\t\t<div class=\"elementor-element elementor-element-83e58d0 e-flex e-con-boxed e-con e-parent\" data-id=\"83e58d0\" data-element_type=\"container\" data-e-type=\"container\" data-settings=\"{&quot;background_background&quot;:&quot;classic&quot;}\">\n\t\t\t\t\t<div class=\"e-con-inner\">\n\t\t\t\t\t<\/div>\n\t\t\t\t<\/div>\n\t\t\t\t<\/div>\n\t\t","protected":false},"excerpt":{"rendered":"<p>Transforme-se na sua melhor vers\u00e3o! Conhe\u00e7a nossos infoprodutos meticulosamente selecionados nas \u00e1reas de treinamento, dieta e sa\u00fade. Rogerio B. Paes &#8221; Com quase tr\u00eas d\u00e9cadas de experi\u00eancia em treinamento f\u00edsico, meu compromisso \u00e9 selecionar e oferecer aos meus clientes os melhores infoprodutos nas \u00e1reas de treinamento, alimenta\u00e7\u00e3o e sa\u00fade.&#8221; Muscula\u00e7\u00e3o \u00e9 Simples Guia completo para [&hellip;]<\/p>\n","protected":false},"author":1,"featured_media":0,"parent":0,"menu_order":0,"comment_status":"closed","ping_status":"closed","template":"elementor_header_footer","meta":{"footnotes":""},"class_list":["post-567","page","type-page","status-publish","hentry"],"_links":{"self":[{"href":"https:\/\/treinosimples.net\/index.php\/wp-json\/wp\/v2\/pages\/567","targetHints":{"allow":["GET"]}}],"collection":[{"href":"https:\/\/treinosimples.net\/index.php\/wp-json\/wp\/v2\/pages"}],"about":[{"href":"https:\/\/treinosimples.net\/index.php\/wp-json\/wp\/v2\/types\/page"}],"author":[{"embeddable":true,"href":"https:\/\/treinosimples.net\/index.php\/wp-json\/wp\/v2\/users\/1"}],"replies":[{"embeddable":true,"href":"https:\/\/treinosimples.net\/index.php\/wp-json\/wp\/v2\/comments?post=567"}],"version-history":[{"count":934,"href":"https:\/\/treinosimples.net\/index.php\/wp-json\/wp\/v2\/pages\/567\/revisions"}],"predecessor-version":[{"id":3595,"href":"https:\/\/treinosimples.net\/index.php\/wp-json\/wp\/v2\/pages\/567\/revisions\/3595"}],"wp:attachment":[{"href":"https:\/\/treinosimples.net\/index.php\/wp-json\/wp\/v2\/media?parent=567"}],"curies":[{"name":"wp","href":"https:\/\/api.w.org\/{rel}","templated":true}]}}